{"id":2705,"date":"2022-02-20T21:01:55","date_gmt":"2022-02-20T21:01:55","guid":{"rendered":"https:\/\/www.westernpferd.net\/?page_id=2705"},"modified":"2022-02-21T15:10:00","modified_gmt":"2022-02-21T15:10:00","slug":"qualitaetssicherung","status":"publish","type":"page","link":"https:\/\/www.westernpferd.net\/?page_id=2705","title":{"rendered":"Qualit\u00e4tssicherung"},"content":{"rendered":"<p>[vc_row row_content_width=&#8220;grid&#8220; css=&#8220;.vc_custom_1645456127708{padding-top: 100px !important;padding-bottom: 80px !important;}&#8220;][vc_column][vc_column_text]<strong><b>Grunds\u00e4tzliches<\/b><\/strong><\/p>\n<p>Wir vertreiben hochwertige S\u00e4ttel der Marke California-Brand-Saddlery .<\/p>\n<p>Alle unsere S\u00e4ttel haben Holzb\u00e4ume die nach klassischer Methode mit Rohhaut oder Fiberglas \u00fcberzogen sind, eine ausgezeichnete Passform und werden mit viel Sorgfalt verarbeitet.<\/p>\n<p>Wir arbeiten mit Tier\u00e4rzten, Osteopathen und Trainern zusammen.<\/p>\n<p>Mit unseren S\u00e4tteln k\u00f6nnen Sie Ihre Kunden immer zufrieden stellen, \u00fcberzeugen Sie sich selbst!<\/p>\n<p>Bei uns bekommen Sie Top S\u00e4ttel in der Classic Line und f\u00fcr den anspruchsvollen Kunden 1a Qualit\u00e4t in der Top Line.<\/p>\n<p>Wir passen uns an Pferd und Reiter an!<\/p>\n<p>H\u00e4ndleranfragen erw\u00fcnscht![\/vc_column_text][\/vc_column][\/vc_row][vc_row row_content_width=&#8220;grid&#8220; css=&#8220;.vc_custom_1645456133782{padding-top: 100px !important;padding-bottom: 80px !important;}&#8220;][vc_column][vc_column_text]<strong><b>Sattel Typus, Garantie &amp; Lieferzeiten<\/b><\/strong><\/p>\n<p>&nbsp;<\/p>\n<p>Unsere S\u00e4ttel sind wie folgt erh\u00e4ltlich:<\/p>\n<p>&#8211; Sitzgr\u00f6\u00dfen Standard 15&#8243; \/ 15,5&#8243; \/ 16&#8243;<br \/>\n&#8211; Kammerweite Standard SQH \/ QH \/ FQH<br \/>\n&#8211; Lederfarbe Standard Havanna \/ Natur \/ Tan<\/p>\n<p>&nbsp;<\/p>\n<p>Garantie:<\/p>\n<p>&#8211; 10 Jahr Garantie auf den Baum (Holz, Rohhaut oder Fiberglas \u00fcberzogen) bei normaler reiterlicher Nutzung.<br \/>\n&#8211; 2 Jahre Gew\u00e4hrleistungsgarantie auf die Gesamtverarbeitung bei \u00fcblicher reiterlicher Nutzung.<\/p>\n<p>&nbsp;<\/p>\n<p>Unverbindliche Lieferzeiten:<\/p>\n<p>Ab Lager innerhalb von 2-3 Arbeitstagen.<br \/>\nDie Regellieferzeit beim Standardprogramm betr\u00e4gt 6-8 Wochen.<br \/>\nSonderanfertigungen auf Anfrage.<\/p>\n<p>&#8211; Produkt\u00e4nderungen jederzeit vorbehalten<br \/>\n&#8211; Leder ist ein Naturprodukt, daher sind Farbabweichungen m\u00f6glich<br \/>\n&#8211; Individuelle Kundenw\u00fcnsche werden ber\u00fccksichtigt[\/vc_column_text][\/vc_column][\/vc_row]<\/p>\n","protected":false},"excerpt":{"rendered":"<p>[vc_row row_content_width=&#8220;grid&#8220; css=&#8220;.vc_custom_1645456127708{padding-top: 100px !important;padding-bottom: 80px !important;}&#8220;][vc_column][vc_column_text]Grunds\u00e4tzliches Wir vertreiben hochwertige S\u00e4ttel der Marke California-Brand-Saddlery . Alle unsere S\u00e4ttel haben Holzb\u00e4ume die nach klassischer Methode mit Rohhaut oder Fiberglas \u00fcberzogen sind, eine ausgezeichnete Passform und werden mit viel Sorgfalt verarbeitet. Wir arbeiten mit Tier\u00e4rzten, Osteopathen und Trainern zusammen. Mit [&hellip;]<\/p>\n","protected":false},"author":1,"featured_media":0,"parent":0,"menu_order":0,"comment_status":"closed","ping_status":"closed","template":"full-width.php","meta":{"footnotes":""},"class_list":["post-2705","page","type-page","status-publish","hentry"],"_links":{"self":[{"href":"https:\/\/www.westernpferd.net\/index.php?rest_route=\/wp\/v2\/pages\/2705","targetHints":{"allow":["GET"]}}],"collection":[{"href":"https:\/\/www.westernpferd.net\/index.php?rest_route=\/wp\/v2\/pages"}],"about":[{"href":"https:\/\/www.westernpferd.net\/index.php?rest_route=\/wp\/v2\/types\/page"}],"author":[{"embeddable":true,"href":"https:\/\/www.westernpferd.net\/index.php?rest_route=\/wp\/v2\/users\/1"}],"replies":[{"embeddable":true,"href":"https:\/\/www.westernpferd.net\/index.php?rest_route=%2Fwp%2Fv2%2Fcomments&post=2705"}],"version-history":[{"count":22,"href":"https:\/\/www.westernpferd.net\/index.php?rest_route=\/wp\/v2\/pages\/2705\/revisions"}],"predecessor-version":[{"id":2919,"href":"https:\/\/www.westernpferd.net\/index.php?rest_route=\/wp\/v2\/pages\/2705\/revisions\/2919"}],"wp:attachment":[{"href":"https:\/\/www.westernpferd.net\/index.php?rest_route=%2Fwp%2Fv2%2Fmedia&parent=2705"}],"curies":[{"name":"wp","href":"https:\/\/api.w.org\/{rel}","templated":true}]}}