{"id":2680,"date":"2022-02-20T17:53:30","date_gmt":"2022-02-20T17:53:30","guid":{"rendered":"https:\/\/www.westernpferd.net\/?page_id=2680"},"modified":"2026-04-23T15:12:01","modified_gmt":"2026-04-23T15:12:01","slug":"impressum","status":"publish","type":"page","link":"https:\/\/www.westernpferd.net\/?page_id=2680","title":{"rendered":"Impressum"},"content":{"rendered":"<p>[vc_row row_content_width=&#8220;grid&#8220; css=&#8220;.vc_custom_1522243297659{padding-top: 100px !important;padding-bottom: 80px !important;}&#8220;][vc_column][vc_column_text]California Brand Saddlery<br \/>\nwesternpferd.net<br \/>\nHans-Joachim Schuster<br \/>\nM\u00fcllerbaum 30<br \/>\n42579 Heiligenhaus<\/p>\n<p>&nbsp;<\/p>\n<p><strong><b>Urheberrecht<\/b><\/strong><\/p>\n<p>Copyright \u00a9 2026 westernpferd.net. Alle Rechte sind vorbehalten.<\/p>\n<p>Die Inhalte der Webseite www.westernpferd.net sind urheberrechtlich gesch\u00fctzt. Eine Vervielf\u00e4ltigung (z. B. Fotokopie, Mikrofilm oder andere Verfahren), Verbreitung oder Verarbeitung durch elektronische Systeme ohne schriftliche Genehmigung von Hans-Joachim Schuster ist in jeglicher Form untersagt. Ausnahme w\u00e4re lediglich ein ausdr\u00fccklicher, gegenteiliger Vermerk.<\/p>\n<p>Der Nutzung von im Rahmen der Impressumspflicht ver\u00f6ffentlichten Kontaktdaten durch Dritte zur \u00dcbersendung von nicht ausdr\u00fccklich angeforderter Werbung und Informationsmaterialien sowie Verarbeitung in jeglicher Form wird hiermit ausdr\u00fccklich widersprochen. Wir behalten uns ausdr\u00fccklich rechtliche Schritte im Falle der unverlangten Zusendung von Werbeinformationen oder Publikation der Impressumsdaten auf anderen Webseiten bzw. in Suchmaschinen, etwa durch Spam-Mails, vor.<\/p>\n<p>&nbsp;<\/p>\n<p><strong><b>Haftungsausschluss<\/b><\/strong><\/p>\n<p>Diese Webseite befindet sich auf dem tempor\u00e4ren Stand eines kontinuierlichen Arbeitsprozesses. Hans-Joachim Schuster \u00fcbernimmt trotz gr\u00f6\u00dftm\u00f6glicher Sorgfalt bei der Zusammenstellung aller auf der Site enthaltenen Informationen keine Gew\u00e4hr f\u00fcr deren Aktualit\u00e4t, Richtigkeit oder Vollst\u00e4ndigkeit. Dies gilt ebenso f\u00fcr s\u00e4mtliche Links und indirekte Verweise auf andere Webseiten, f\u00fcr deren Inhalte Hans-Joachim Schuster nicht verantwortlich ist.<\/p>\n<p>Hans-Joachim Schuster kann nicht f\u00fcr etwaige Sch\u00e4den bzw. Folgesch\u00e4den jeglicher Art haftbar gemacht werden, die durch die direkte oder indirekte Nutzung der auf der Site enthaltenen Informationen entstehen, einschlie\u00dflich entgangenen Gewinns oder Sch\u00e4den, die aus einen Datenverlust zur\u00fcckzuf\u00fchren sind.<\/p>\n<p>Wir behalten uns \u00c4nderungen in den dargestellten Informationen ohne vorherige Ank\u00fcndigung vor. Alle Angebote sind freibleibend und unverbindlich.<\/p>\n<p>&nbsp;<\/p>\n<p><strong><b>Marken- und Warenzeichen<\/b><\/strong><\/p>\n<p>Alle auf dieser Webseite genannten bzw. gezeigten Marken- und Warenzeichen unterliegen uneingeschr\u00e4nkt den Bestimmungen des jeweils g\u00fcltigen Kennzeichnungsrechtes und gegebenenfalls den Besitzrechten der jeweiligen eingetragenen Eigent\u00fcmer.[\/vc_column_text][\/vc_column][\/vc_row]<\/p>\n","protected":false},"excerpt":{"rendered":"<p>[vc_row row_content_width=&#8220;grid&#8220; css=&#8220;.vc_custom_1522243297659{padding-top: 100px !important;padding-bottom: 80px !important;}&#8220;][vc_column][vc_column_text]California Brand Saddlery westernpferd.net Hans-Joachim Schuster M\u00fcllerbaum 30 42579 Heiligenhaus &nbsp; Urheberrecht Copyright \u00a9 2026 westernpferd.net. Alle Rechte sind vorbehalten. Die Inhalte der Webseite www.westernpferd.net sind urheberrechtlich gesch\u00fctzt. Eine Vervielf\u00e4ltigung (z. B. Fotokopie, Mikrofilm oder andere Verfahren), Verbreitung oder Verarbeitung durch elektronische [&hellip;]<\/p>\n","protected":false},"author":1,"featured_media":0,"parent":0,"menu_order":0,"comment_status":"closed","ping_status":"closed","template":"full-width.php","meta":{"footnotes":""},"class_list":["post-2680","page","type-page","status-publish","hentry"],"_links":{"self":[{"href":"https:\/\/www.westernpferd.net\/index.php?rest_route=\/wp\/v2\/pages\/2680","targetHints":{"allow":["GET"]}}],"collection":[{"href":"https:\/\/www.westernpferd.net\/index.php?rest_route=\/wp\/v2\/pages"}],"about":[{"href":"https:\/\/www.westernpferd.net\/index.php?rest_route=\/wp\/v2\/types\/page"}],"author":[{"embeddable":true,"href":"https:\/\/www.westernpferd.net\/index.php?rest_route=\/wp\/v2\/users\/1"}],"replies":[{"embeddable":true,"href":"https:\/\/www.westernpferd.net\/index.php?rest_route=%2Fwp%2Fv2%2Fcomments&post=2680"}],"version-history":[{"count":10,"href":"https:\/\/www.westernpferd.net\/index.php?rest_route=\/wp\/v2\/pages\/2680\/revisions"}],"predecessor-version":[{"id":3011,"href":"https:\/\/www.westernpferd.net\/index.php?rest_route=\/wp\/v2\/pages\/2680\/revisions\/3011"}],"wp:attachment":[{"href":"https:\/\/www.westernpferd.net\/index.php?rest_route=%2Fwp%2Fv2%2Fmedia&parent=2680"}],"curies":[{"name":"wp","href":"https:\/\/api.w.org\/{rel}","templated":true}]}}